{"id":99,"date":"2018-01-03T11:38:12","date_gmt":"2018-01-03T11:38:12","guid":{"rendered":"http:\/\/demo.woothemes.com\/woocommerce\/?post_type=product&#038;p=99"},"modified":"2018-07-09T15:45:55","modified_gmt":"2018-07-09T15:45:55","slug":"higo-rosa","status":"publish","type":"product","link":"http:\/\/donchumbito.com\/index.php\/product\/higo-rosa\/","title":{"rendered":"Higo Rosa"},"content":{"rendered":"<p><span lang=\"ES\"><strong>Seguridad alimentaria:\u00a0<\/strong>El conocimiento y experiencia de nuestro departamento t\u00e9cnico mediante un exhaustivo seguimiento de trazabilidad tanto en campo de producci\u00f3n como en central de envasado, podemos garantizar a nuestros clientes una fruta con la m\u00e1s alta calidad exigida por las normas internacionales, contando para ello con los certificados en seguridad alimentaria requeridos por los mercados actuales.<\/span><\/p>\n<p><strong>Equipamiento: <\/strong>Tanto en nuestros campos como en la central de envasado se cuenta con la m\u00e1s alta tecnolog\u00eda en cultivo as\u00ed como en poscosecha usando maquinaria de \u00faltima generaci\u00f3n como es el caso de\u00a0 limpieza, lavado, clasificado y envasado de nuestros productos dando as\u00ed respuesta a un mercado cada vez mucho m\u00e1s exigente podemos estar presentes en las principales cadenas de distribuci\u00f3n y mercados mayoristas\u00a0 de toda Europa\u00a0 y otros.<\/p>\n<p><strong>HIGOS DE RETALLO<\/strong>: La t\u00e9cnica disciplina e inspiraci\u00f3n, nos permite producir esta fruta durante m\u00e1s de nueve meses al a\u00f1o. Una fruta inigualable, obtenida por la t\u00e9cnica del tirado, que consiste en tirar la flor de primavera de la planta madre, induciendo a la misma a una floraci\u00f3n tard\u00eda, produciendo el higo de retallo, siendo este de mayor calidad, mayor tama\u00f1o, menos semillas y un sabor m\u00e1s concentrado.<\/p>\n<p>Un trabajo hecho por las habilidades y sabidur\u00eda aprendidas a lo largo de los a\u00f1os, junto al rigor t\u00e9cnico, nos permite controlar su fecha de recolecci\u00f3n, pudiendo estar presente en los mercados\u00a0durante m\u00e1s tiempo.<\/p>\n<h2><strong>CALENDARIO DE RECOLECCI\u00d3N<\/strong><\/h2>\n<p><img loading=\"lazy\" decoding=\"async\" class=\"alignnone wp-image-1369\" src=\"http:\/\/donchumbito.com\/wp-content\/uploads\/2018\/01\/calendario.jpg\" alt=\"\" width=\"936\" height=\"117\" \/><\/p>\n<h5>\u00bfSab\u00edas qu\u00e9&#8230;?<\/h5>\n<blockquote>\n<p class=\"mce\">Por ser <strong>una fuente importante de compuestos nutrac\u00e9uticos o funcionales (flavonoides, betala\u00ednas, vitamina C, carotenoides, pectinas, muc\u00edlagos, etc)<\/strong>, las frutos, las palas y las flores de la chumbera han sido tradicionalmente usados en la medicina popular para tratar enfermedades de toda \u00edndole: diabetes, quemaduras, edemas, colesterol alto, \u00falceras, dolores reum\u00e1ticos, etc.<\/p>\n<\/blockquote>\n","protected":false},"excerpt":{"rendered":"<p>El sabor es dulce y la carne se desmenuza con una cantidad menor de semillas que los otros cultivares.<\/p>\n<p>&nbsp;<\/p>\n<p><img loading=\"lazy\" decoding=\"async\" class=\"alignnone wp-image-1406 size-full\" src=\"http:\/\/donchumbito.com\/wp-content\/uploads\/2018\/01\/Captura-de-pantalla-2018-07-09-a-las-17.35.04.jpg\" alt=\"\" width=\"585\" height=\"432\" srcset=\"http:\/\/donchumbito.com\/wp-content\/uploads\/2018\/01\/Captura-de-pantalla-2018-07-09-a-las-17.35.04.jpg 585w, http:\/\/donchumbito.com\/wp-content\/uploads\/2018\/01\/Captura-de-pantalla-2018-07-09-a-las-17.35.04-300x222.jpg 300w\" sizes=\"auto, (max-width: 585px) 100vw, 585px\" \/><\/p>\n","protected":false},"featured_media":1304,"comment_status":"closed","ping_status":"closed","template":"","meta":[],"product_brand":[],"product_cat":[15],"product_tag":[],"class_list":{"0":"post-99","1":"product","2":"type-product","3":"status-publish","4":"has-post-thumbnail","6":"product_cat-higos-chumbos","8":"first","9":"instock","10":"featured","11":"shipping-taxable","12":"product-type-simple"},"_links":{"self":[{"href":"http:\/\/donchumbito.com\/index.php\/wp-json\/wp\/v2\/product\/99","targetHints":{"allow":["GET"]}}],"collection":[{"href":"http:\/\/donchumbito.com\/index.php\/wp-json\/wp\/v2\/product"}],"about":[{"href":"http:\/\/donchumbito.com\/index.php\/wp-json\/wp\/v2\/types\/product"}],"replies":[{"embeddable":true,"href":"http:\/\/donchumbito.com\/index.php\/wp-json\/wp\/v2\/comments?post=99"}],"wp:featuredmedia":[{"embeddable":true,"href":"http:\/\/donchumbito.com\/index.php\/wp-json\/wp\/v2\/media\/1304"}],"wp:attachment":[{"href":"http:\/\/donchumbito.com\/index.php\/wp-json\/wp\/v2\/media?parent=99"}],"wp:term":[{"taxonomy":"product_brand","embeddable":true,"href":"http:\/\/donchumbito.com\/index.php\/wp-json\/wp\/v2\/product_brand?post=99"},{"taxonomy":"product_cat","embeddable":true,"href":"http:\/\/donchumbito.com\/index.php\/wp-json\/wp\/v2\/product_cat?post=99"},{"taxonomy":"product_tag","embeddable":true,"href":"http:\/\/donchumbito.com\/index.php\/wp-json\/wp\/v2\/product_tag?post=99"}],"curies":[{"name":"wp","href":"https:\/\/api.w.org\/{rel}","templated":true}]}}