{"id":1286,"date":"2018-01-03T12:11:24","date_gmt":"2018-01-03T12:11:24","guid":{"rendered":"http:\/\/donchumbito.com\/?post_type=product&#038;p=1286"},"modified":"2018-07-09T15:44:07","modified_gmt":"2018-07-09T15:44:07","slug":"higo-naranja","status":"publish","type":"product","link":"http:\/\/donchumbito.com\/index.php\/product\/higo-naranja\/","title":{"rendered":"Higo Naranja"},"content":{"rendered":"<p><strong>Seguridad alimentaria:\u00a0<\/strong>El conocimiento y experiencia de nuestro departamento t\u00e9cnico mediante un exhaustivo seguimiento de trazabilidad tanto en campo de producci\u00f3n como en central de envasado, podemos garantizar a nuestros clientes una fruta con la m\u00e1s alta calidad exigida por las normas internacionales, contando para ello con los certificados en seguridad alimentaria requeridos por los mercados actuales.<\/p>\n<p><strong>Equipamiento: <\/strong>Tanto en nuestros campos como en la central de envasado se cuenta con la m\u00e1s alta tecnolog\u00eda en cultivo as\u00ed como en poscosecha usando maquinaria de \u00faltima generaci\u00f3n como es el caso de\u00a0 limpieza, lavado, clasificado y envasado de nuestros productos dando as\u00ed respuesta a un mercado cada vez mucho m\u00e1s exigente podemos estar presentes en las principales cadenas de distribuci\u00f3n y mercados mayoristas\u00a0 de toda Europa\u00a0 y otros.<\/p>\n<p><strong>HIGOS DE RETALLO<\/strong>: La t\u00e9cnica disciplina e inspiraci\u00f3n, nos permite producir esta fruta durante m\u00e1s de nueve meses al a\u00f1o. Una fruta inigualable, obtenida por la t\u00e9cnica del tirado, que consiste en tirar la flor de primavera de la planta madre, induciendo a la misma a una floraci\u00f3n tard\u00eda, produciendo el higo de retallo, siendo este de mayor calidad, mayor tama\u00f1o, menos semillas y un sabor m\u00e1s concentrado.<\/p>\n<p>Un trabajo hecho por las habilidades y sabidur\u00eda aprendidas a lo largo de los a\u00f1os, junto al rigor t\u00e9cnico, nos permite controlar su fecha de recolecci\u00f3n, pudiendo estar presente en los mercados\u00a0durante m\u00e1s tiempo.<\/p>\n<h2><strong>CALENDARIO DE RECOLECCI\u00d3N<\/strong><\/h2>\n<p><img loading=\"lazy\" decoding=\"async\" class=\"alignnone wp-image-1369\" src=\"http:\/\/donchumbito.com\/wp-content\/uploads\/2018\/01\/calendario.jpg\" alt=\"\" width=\"936\" height=\"117\" \/><\/p>\n<h5>\u00bfSab\u00edas qu\u00e9&#8230;?<\/h5>\n<blockquote>\n<p class=\"mce\">El higo chumbo\u00a0tiene un\u00a0<b>alto contenido en agua,\u00a0fibra\u00a0y az\u00facares<\/b>, destacando sobre todo, por ser una\u00a0<b>fuente importante de compuestos con elevada actividad antioxidante (vitamina C, flavonoides y betala\u00ednas)<\/b>. Su valor cal\u00f3rico es bajo, similar a otras frutas, como la manzana o la pera.<\/p>\n<\/blockquote>\n","protected":false},"excerpt":{"rendered":"<p><span lang=\"ES\">La fruta madura tiene una piel naranja con vetas verdes, mientras que la pulpa tiene un intenso color anaranjado.\u00a0<\/span><span lang=\"ES\">El sabor es definitivamente dulce y la textura es suave y suculenta<\/span>.<\/p>\n<p>&nbsp;<\/p>\n<p><img loading=\"lazy\" decoding=\"async\" class=\"alignnone wp-image-1406 size-full\" src=\"http:\/\/donchumbito.com\/wp-content\/uploads\/2018\/01\/Captura-de-pantalla-2018-07-09-a-las-17.35.04.jpg\" alt=\"\" width=\"585\" height=\"432\" srcset=\"http:\/\/donchumbito.com\/wp-content\/uploads\/2018\/01\/Captura-de-pantalla-2018-07-09-a-las-17.35.04.jpg 585w, http:\/\/donchumbito.com\/wp-content\/uploads\/2018\/01\/Captura-de-pantalla-2018-07-09-a-las-17.35.04-300x222.jpg 300w\" sizes=\"auto, (max-width: 585px) 100vw, 585px\" \/><\/p>\n","protected":false},"featured_media":1298,"comment_status":"closed","ping_status":"closed","template":"","meta":[],"product_brand":[],"product_cat":[15],"product_tag":[],"class_list":{"0":"post-1286","1":"product","2":"type-product","3":"status-publish","4":"has-post-thumbnail","6":"product_cat-higos-chumbos","8":"first","9":"instock","10":"featured","11":"shipping-taxable","12":"product-type-simple"},"_links":{"self":[{"href":"http:\/\/donchumbito.com\/index.php\/wp-json\/wp\/v2\/product\/1286","targetHints":{"allow":["GET"]}}],"collection":[{"href":"http:\/\/donchumbito.com\/index.php\/wp-json\/wp\/v2\/product"}],"about":[{"href":"http:\/\/donchumbito.com\/index.php\/wp-json\/wp\/v2\/types\/product"}],"replies":[{"embeddable":true,"href":"http:\/\/donchumbito.com\/index.php\/wp-json\/wp\/v2\/comments?post=1286"}],"wp:featuredmedia":[{"embeddable":true,"href":"http:\/\/donchumbito.com\/index.php\/wp-json\/wp\/v2\/media\/1298"}],"wp:attachment":[{"href":"http:\/\/donchumbito.com\/index.php\/wp-json\/wp\/v2\/media?parent=1286"}],"wp:term":[{"taxonomy":"product_brand","embeddable":true,"href":"http:\/\/donchumbito.com\/index.php\/wp-json\/wp\/v2\/product_brand?post=1286"},{"taxonomy":"product_cat","embeddable":true,"href":"http:\/\/donchumbito.com\/index.php\/wp-json\/wp\/v2\/product_cat?post=1286"},{"taxonomy":"product_tag","embeddable":true,"href":"http:\/\/donchumbito.com\/index.php\/wp-json\/wp\/v2\/product_tag?post=1286"}],"curies":[{"name":"wp","href":"https:\/\/api.w.org\/{rel}","templated":true}]}}