{"id":1276,"date":"2018-05-03T11:50:03","date_gmt":"2018-05-03T11:50:03","guid":{"rendered":"http:\/\/donchumbito.com\/?page_id=1276"},"modified":"2025-08-22T14:17:19","modified_gmt":"2025-08-22T14:17:19","slug":"quienes-somos","status":"publish","type":"page","link":"http:\/\/donchumbito.com\/index.php\/quienes-somos\/","title":{"rendered":"Quienes Somos"},"content":{"rendered":"<p>[vc_row full_width=&#8221;stretch_row&#8221; css=&#8221;.vc_custom_1525348527139{padding-top: 0px !important;padding-bottom: 0px !important;background-position: center !important;background-repeat: no-repeat !important;background-size: cover !important;}&#8221;][vc_column][vc_row_inner css=&#8221;.vc_custom_1525366380328{padding-top: 70px !important;padding-bottom: 130px !important;background-image: url(http:\/\/donchumbito.com\/wp-content\/uploads\/2018\/05\/montaje12.jpg?id=1308) !important;background-position: 0 0 !important;background-repeat: no-repeat !important;}&#8221;][vc_column_inner css=&#8221;.vc_custom_1478080472179{margin-top: 0px !important;margin-bottom: 0px !important;padding-top: 0px !important;padding-bottom: 0px !important;}&#8221;][insight_our_story title=&#8221;QUIENES SOMOS&#8221; sub_title=&#8221;- Monterico -&#8220;]Don Chumbito es una empresa agr\u00edcola familiar con una dilatada experiencia como productora en el sector hortofrut\u00edcola, desde el 1.970 nuestras producciones se encuentran en las f\u00e9rtiles y c\u00e1lidas tierras de la regi\u00f3n de Murcia, donde tras varios a\u00f1os de ensayos hemos centrado nuestros esfuerzos en la producci\u00f3n de higo chumbo en todas sus\u00a0 variedades, pulpa rosa, naranja y blanca.<\/p>\n<p>Actualmente contamos con m\u00e1s de 100 ha en producci\u00f3n obteniendo m\u00e1s de 1 MILLON DE KILOS con un calendario de recolecci\u00f3n de m\u00e1s de 9 meses, abarcando los meses de julio a abril. En 2012 la 3 generaci\u00f3n familiar aposto por diversificar la producci\u00f3n haciendo ensayos de otros productos tales como pitaya ,pepino dulce, kiwano, maraculla siendo algunos de ellos un gran \u00e9xito en la actualidad.[\/insight_our_story][\/vc_column_inner][\/vc_row_inner][\/vc_column][\/vc_row]<\/p>\n","protected":false},"excerpt":{"rendered":"<p>[vc_row full_width=&#8221;stretch_row&#8221; css=&#8221;.vc_custom_1525348527139{padding-top: 0px !important;padding-bottom: 0px !important;background-position: center !important;background-repeat: no-repeat !important;background-size: cover !important;}&#8221;][vc_column][vc_row_inner css=&#8221;.vc_custom_1525366380328{padding-top: 70px !important;padding-bottom: 130px !important;background-image: url(http:\/\/donchumbito.com\/wp-content\/uploads\/2018\/05\/montaje12.jpg?id=1308) !important;background-position: 0 0 !important;background-repeat: no-repeat !important;}&#8221;][vc_column_inner css=&#8221;.vc_custom_1478080472179{margin-top: 0px !important;margin-bottom: 0px !important;padding-top: 0px !important;padding-bottom: 0px !important;}&#8221;][insight_our_story title=&#8221;QUIENES SOMOS&#8221; sub_title=&#8221;- Monterico -&#8220;]Don Chumbito es una empresa agr\u00edcola familiar con una dilatada experiencia como productora en el sector hortofrut\u00edcola,&#8230;<\/p>\n","protected":false},"author":1,"featured_media":0,"parent":0,"menu_order":0,"comment_status":"closed","ping_status":"closed","template":"","meta":{"footnotes":""},"class_list":["post-1276","page","type-page","status-publish","hentry"],"_links":{"self":[{"href":"http:\/\/donchumbito.com\/index.php\/wp-json\/wp\/v2\/pages\/1276","targetHints":{"allow":["GET"]}}],"collection":[{"href":"http:\/\/donchumbito.com\/index.php\/wp-json\/wp\/v2\/pages"}],"about":[{"href":"http:\/\/donchumbito.com\/index.php\/wp-json\/wp\/v2\/types\/page"}],"author":[{"embeddable":true,"href":"http:\/\/donchumbito.com\/index.php\/wp-json\/wp\/v2\/users\/1"}],"replies":[{"embeddable":true,"href":"http:\/\/donchumbito.com\/index.php\/wp-json\/wp\/v2\/comments?post=1276"}],"version-history":[{"count":18,"href":"http:\/\/donchumbito.com\/index.php\/wp-json\/wp\/v2\/pages\/1276\/revisions"}],"predecessor-version":[{"id":1456,"href":"http:\/\/donchumbito.com\/index.php\/wp-json\/wp\/v2\/pages\/1276\/revisions\/1456"}],"wp:attachment":[{"href":"http:\/\/donchumbito.com\/index.php\/wp-json\/wp\/v2\/media?parent=1276"}],"curies":[{"name":"wp","href":"https:\/\/api.w.org\/{rel}","templated":true}]}}