{"id":1263,"date":"2018-05-03T10:55:04","date_gmt":"2018-05-03T10:55:04","guid":{"rendered":"http:\/\/donchumbito.com\/?page_id=1263"},"modified":"2025-08-22T14:36:08","modified_gmt":"2025-08-22T14:36:08","slug":"contacto","status":"publish","type":"page","link":"http:\/\/donchumbito.com\/index.php\/contacto\/","title":{"rendered":"Contacto"},"content":{"rendered":"<p>[vc_row full_width=&#8221;stretch_row&#8221; css=&#8221;.vc_custom_1571400223319{padding-bottom: 10px !important;background-image: url(http:\/\/organiee.thememove.com\/wp-content\/uploads\/2016\/10\/contact2-bg.jpg?id=180) !important;background-position: center !important;background-repeat: no-repeat !important;background-size: cover !important;}&#8221;][vc_column width=&#8221;1\/2&#8243;][vc_single_image image=&#8221;1267&#8243; img_size=&#8221;full&#8221; show_border=&#8221;yes&#8221;][\/vc_column][vc_column width=&#8221;1\/2&#8243;][insight_title uppercase=&#8221;yes&#8221; background_icon=&#8221;yes&#8221; align=&#8221;text-left&#8221; sub_title_style=&#8221;style-02&#8243; separator_enable=&#8221;yes&#8221; title=&#8221;Solicite informaci\u00f3n&#8221;][vc_custom_heading text=&#8221;Don Chumbito es una empresa agr\u00edcola familiar con una dilatada experiencia como productora en el sector hortofrut\u00edcola, hemos centrado nuestros esfuerzos en la producci\u00f3n de higo chumbo en todas sus variedades, pulpa rosa, naranja y blanca. &#8221; font_container=&#8221;tag:div|font_size:18px|text_align:left|color:%238eb35a|line_height:1.6em&#8221; use_theme_fonts=&#8221;&#8221; google_fonts=&#8221;font_family:Playfair%20Display%3Aregular%2Citalic%2C700%2C700italic%2C900%2C900italic|font_style:400%20italic%3A400%3Aitalic&#8221; font_weight=&#8221;&#8221; letter_spacing=&#8221;.05em&#8221; css=&#8221;.vc_custom_1755872274296{margin-top: 10px !important;margin-bottom: 60px !important;}&#8221;][vc_row_inner][vc_column_inner width=&#8221;1\/2&#8243;][insight_icon_boxes display_icon=&#8221;&#8221; icon_lib=&#8221;fontawesome&#8221; element_tag=&#8221;&#8221; title=&#8221;Direcci\u00f3n&#8221; css=&#8221;.vc_custom_1755873364864{padding-bottom: 30px !important;}&#8221;]Calle Los Rubios, 1 &#8211; 2\u00ba C<br \/>\n30709 Rold\u00e1n &#8211; Torre Pacheco<br \/>\nMurcia &#8211; Espa\u00f1a[\/insight_icon_boxes][insight_icon_boxes display_icon=&#8221;&#8221; icon_lib=&#8221;fontawesome&#8221; element_tag=&#8221;&#8221; title=&#8221;Email&#8221; css=&#8221;.vc_custom_1646906508099{padding-bottom: 30px !important;}&#8221;]hola@donchumbito.com[\/insight_icon_boxes][\/vc_column_inner][vc_column_inner width=&#8221;1\/2&#8243;][insight_icon_boxes display_icon=&#8221;&#8221; icon_lib=&#8221;fontawesome&#8221; element_tag=&#8221;&#8221; title=&#8221;Tel\u00e9fonos&#8221; css=&#8221;.vc_custom_1646906523289{padding-bottom: 30px !important;}&#8221;]M\u00f3vil: +34 616 238 204[\/insight_icon_boxes][\/vc_column_inner][\/vc_row_inner][\/vc_column][\/vc_row][vc_row el_class=&#8221;text-center&#8221;][vc_column offset=&#8221;vc_col-lg-offset-2 vc_col-lg-8 vc_col-md-offset-0 vc_col-md-12&#8243;][insight_title uppercase=&#8221;yes&#8221; sub_title_enable=&#8221;yes&#8221; background_icon=&#8221;yes&#8221; separator_enable=&#8221;yes&#8221; title=&#8221;Deje su mensaje&#8221; sub_title=&#8221;-Bueno para la naturaleza, bueno para usted-&#8221; css=&#8221;.vc_custom_1525346033492{margin-bottom: 70px !important;}&#8221;][vc_empty_space height=&#8221;40px&#8221;]\n<div class=\"wpcf7 no-js\" id=\"wpcf7-f5-o1\" lang=\"es-ES\" dir=\"ltr\" data-wpcf7-id=\"5\">\n<div class=\"screen-reader-response\"><p role=\"status\" aria-live=\"polite\" aria-atomic=\"true\"><\/p> <ul><\/ul><\/div>\n<form action=\"\/index.php\/wp-json\/wp\/v2\/pages\/1263#wpcf7-f5-o1\" method=\"post\" class=\"wpcf7-form init\" aria-label=\"Formulario de contacto\" novalidate=\"novalidate\" data-status=\"init\">\n<fieldset class=\"hidden-fields-container\"><input type=\"hidden\" name=\"_wpcf7\" value=\"5\" \/><input type=\"hidden\" name=\"_wpcf7_version\" value=\"6.1.5\" \/><input type=\"hidden\" name=\"_wpcf7_locale\" value=\"es_ES\" \/><input type=\"hidden\" name=\"_wpcf7_unit_tag\" value=\"wpcf7-f5-o1\" \/><input type=\"hidden\" name=\"_wpcf7_container_post\" value=\"0\" \/><input type=\"hidden\" name=\"_wpcf7_posted_data_hash\" value=\"\" \/><input type=\"hidden\" name=\"_wpcf7_recaptcha_response\" value=\"\" \/>\n<\/fieldset>\n<div class=\"row\">\n\t<div class=\"col-md-4 padding-right-half\">\n\t\t<p><span class=\"wpcf7-form-control-wrap\" data-name=\"your-name\"><input size=\"40\" maxlength=\"400\" class=\"wpcf7-form-control wpcf7-text wpcf7-validates-as-required\" aria-required=\"true\" aria-invalid=\"false\" placeholder=\"Nombre\" value=\"\" type=\"text\" name=\"your-name\" \/><\/span>\n\t\t<\/p>\n\t<\/div>\n\t<div class=\"col-md-4\">\n\t\t<p><span class=\"wpcf7-form-control-wrap\" data-name=\"your-subject\"><input size=\"40\" maxlength=\"400\" class=\"wpcf7-form-control wpcf7-text\" aria-invalid=\"false\" placeholder=\"Asunto\" value=\"\" type=\"text\" name=\"your-subject\" \/><\/span>\n\t\t<\/p>\n\t<\/div>\n\t<div class=\"col-md-4 padding-left-half\">\n\t\t<p><span class=\"wpcf7-form-control-wrap\" data-name=\"your-email\"><input size=\"40\" maxlength=\"400\" class=\"wpcf7-form-control wpcf7-email wpcf7-validates-as-required wpcf7-text wpcf7-validates-as-email\" aria-required=\"true\" aria-invalid=\"false\" placeholder=\"Email\" value=\"\" type=\"email\" name=\"your-email\" \/><\/span>\n\t\t<\/p>\n\t<\/div>\n<\/div>\n<div class=\"row\">\n\t<div class=\"col-md-12\">\n\t\t<p><span class=\"wpcf7-form-control-wrap\" data-name=\"your-message\"><textarea cols=\"40\" rows=\"10\" maxlength=\"2000\" class=\"wpcf7-form-control wpcf7-textarea wpcf7-validates-as-required\" aria-required=\"true\" aria-invalid=\"false\" placeholder=\"Mensaje\" name=\"your-message\"><\/textarea><\/span>\n\t\t<\/p>\n\t<\/div>\n<\/div>\n<div class=\"row submit-container\">\n\t<div class=\"one-third last\">\n\t\t<p><input class=\"wpcf7-form-control wpcf7-submit has-spinner btn ban-border-black\" type=\"submit\" value=\"ENVIAR\" \/>\n\t\t<\/p>\n\t<\/div>\n<\/div><div class=\"wpcf7-response-output\" aria-hidden=\"true\"><\/div>\n<\/form>\n<\/div>\n[\/vc_column][\/vc_row][vc_row full_width=&#8221;stretch_row_content_no_spaces&#8221; css=&#8221;.vc_custom_1476947927984{margin-bottom: 100px !important;}&#8221;][vc_column][vc_column_text]<div id=\"wpgmza_map\" class=\"wpgmza_map\" data-settings='{\"id\":\"1\",\"map_title\":\"Mi primer mapa\",\"map_width\":\"100\",\"map_height\":\"400\",\"map_start_lat\":\"37.774979\",\"map_start_lng\":\"-1.138516\",\"map_start_location\":\"37.774979,-1.1385159999999814\",\"map_start_zoom\":\"13\",\"default_marker\":\"0\",\"type\":\"1\",\"alignment\":\"2\",\"directions_enabled\":\"1\",\"styling_enabled\":\"0\",\"styling_json\":\"\",\"active\":\"0\",\"kml\":\"\",\"bicycle\":\"0\",\"traffic\":\"0\",\"dbox\":\"1\",\"dbox_width\":\"100\",\"listmarkers\":\"0\",\"listmarkers_advanced\":\"0\",\"filterbycat\":\"0\",\"ugm_enabled\":\"0\",\"ugm_category_enabled\":\"0\",\"fusion\":\"\",\"map_width_type\":\"\\\\%\",\"map_height_type\":\"px\",\"mass_marker_support\":\"1\",\"ugm_access\":\"0\",\"order_markers_by\":\"1\",\"order_markers_choice\":\"2\",\"show_user_location\":\"0\",\"default_to\":\"\",\"other_settings\":{\"store_locator_enabled\":2,\"store_locator_distance\":2,\"store_locator_default_radius\":\"10\",\"store_locator_not_found_message\":\"No se han encontrado resultados en esta ubicaci\\u00f3n. Vuelve a intentarlo.\",\"store_locator_bounce\":1,\"store_locator_query_string\":\"ZIP \\\/ C\\u00f3digo Postal \\\/ Direcci\\u00f3n\",\"store_locator_default_address\":\"\",\"wpgmza_store_locator_restrict\":\"\",\"store_locator_style\":\"modern\",\"wpgmza_store_locator_radius_style\":\"modern\",\"map_max_zoom\":\"1\",\"transport_layer\":0,\"wpgmza_theme_data\":\"\",\"wpgmza_show_points_of_interest\":1}}' data-map-id='1' Data-maps-engine='open-layers' data-shortcode-attributes='{\"id\":\"1\"}' style=\"display:block; overflow:auto; width:100%; height:400px; float:left;\"><\/div>[\/vc_column_text][\/vc_column][\/vc_row]<\/p>\n","protected":false},"excerpt":{"rendered":"<p>[vc_row full_width=&#8221;stretch_row&#8221; css=&#8221;.vc_custom_1571400223319{padding-bottom: 10px !important;background-image: url(http:\/\/organiee.thememove.com\/wp-content\/uploads\/2016\/10\/contact2-bg.jpg?id=180) !important;background-position: center !important;background-repeat: no-repeat !important;background-size: cover !important;}&#8221;][vc_column width=&#8221;1\/2&#8243;][vc_single_image image=&#8221;1267&#8243; img_size=&#8221;full&#8221; show_border=&#8221;yes&#8221;][\/vc_column][vc_column width=&#8221;1\/2&#8243;][insight_title uppercase=&#8221;yes&#8221; background_icon=&#8221;yes&#8221; align=&#8221;text-left&#8221; sub_title_style=&#8221;style-02&#8243; separator_enable=&#8221;yes&#8221; title=&#8221;Solicite informaci\u00f3n&#8221;][vc_custom_heading text=&#8221;Don Chumbito es una empresa agr\u00edcola familiar con una dilatada experiencia como productora en el sector hortofrut\u00edcola, hemos centrado nuestros esfuerzos en la producci\u00f3n de higo chumbo en todas sus&#8230;<\/p>\n","protected":false},"author":1,"featured_media":0,"parent":0,"menu_order":0,"comment_status":"closed","ping_status":"closed","template":"","meta":{"footnotes":""},"class_list":["post-1263","page","type-page","status-publish","hentry"],"_links":{"self":[{"href":"http:\/\/donchumbito.com\/index.php\/wp-json\/wp\/v2\/pages\/1263","targetHints":{"allow":["GET"]}}],"collection":[{"href":"http:\/\/donchumbito.com\/index.php\/wp-json\/wp\/v2\/pages"}],"about":[{"href":"http:\/\/donchumbito.com\/index.php\/wp-json\/wp\/v2\/types\/page"}],"author":[{"embeddable":true,"href":"http:\/\/donchumbito.com\/index.php\/wp-json\/wp\/v2\/users\/1"}],"replies":[{"embeddable":true,"href":"http:\/\/donchumbito.com\/index.php\/wp-json\/wp\/v2\/comments?post=1263"}],"version-history":[{"count":21,"href":"http:\/\/donchumbito.com\/index.php\/wp-json\/wp\/v2\/pages\/1263\/revisions"}],"predecessor-version":[{"id":1462,"href":"http:\/\/donchumbito.com\/index.php\/wp-json\/wp\/v2\/pages\/1263\/revisions\/1462"}],"wp:attachment":[{"href":"http:\/\/donchumbito.com\/index.php\/wp-json\/wp\/v2\/media?parent=1263"}],"curies":[{"name":"wp","href":"https:\/\/api.w.org\/{rel}","templated":true}]}}