{"id":1187,"date":"2018-05-02T15:00:19","date_gmt":"2018-05-02T15:00:19","guid":{"rendered":"http:\/\/donchumbito.com\/?page_id=1187"},"modified":"2018-07-12T17:34:44","modified_gmt":"2018-07-12T17:34:44","slug":"home","status":"publish","type":"page","link":"http:\/\/donchumbito.com\/","title":{"rendered":"Home"},"content":{"rendered":"<p>[vc_row full_width=&#8221;stretch_row_content_no_spaces&#8221; css=&#8221;.vc_custom_1478508430122{margin-top: 0px !important;margin-bottom: 0px !important;padding-top: 0px !important;padding-bottom: 0px !important;}&#8221;][vc_column][rev_slider_vc alias=&#8221;home-farm&#8221;][\/vc_column][\/vc_row][vc_row full_width=&#8221;stretch_row&#8221; css=&#8221;.vc_custom_1478945710079{padding-top: 50px !important;padding-bottom: 50px !important;background-position: center !important;background-repeat: no-repeat !important;background-size: cover !important;}&#8221;][vc_column][vc_row_inner css=&#8221;.vc_custom_1530211288798{padding-top: 70px !important;padding-bottom: 130px !important;background-image: url(http:\/\/donchumbito.com\/wp-content\/uploads\/2018\/06\/montaje8_1.jpg?id=1357) !important;background-position: 0 0 !important;background-repeat: no-repeat !important;}&#8221;][vc_column_inner css=&#8221;.vc_custom_1478080472179{margin-top: 0px !important;margin-bottom: 0px !important;padding-top: 0px !important;padding-bottom: 0px !important;}&#8221;][insight_our_story sub_title=&#8221;-Higos de la Regi\u00f3n de Murcia-&#8220;]<strong>DON CHUMBITO\u00a0 <\/strong><\/p>\n<p>Te\u00a0ofrece el exquisito resultado de un tradicional y cuidadoso cultivo limpio y natural.\u00a0\u00a0\u00a0 Un producto de producci\u00f3n limitada estrictamente seleccionado, recolectado a mano fruto a fruto por las manos m\u00e1s expertas en su punto \u00f3ptimo de maduraci\u00f3n.<\/p>\n<p>Dan como resultado <strong>DON CHUMBITO GRAN SELECCION<\/strong><\/p>\n<p>Con este m\u00e9todo de trabajo se garantiza sin duda el fruto m\u00e1s exclusivo, consiguiendo la fusi\u00f3n perfecta. Por su exquisito sabor, intenso dulzor y agradable textura.<\/p>\n<p><strong>DON CHUMBITO<\/strong><\/p>\n<p>El Higo Chumbo De La Regi\u00f3n de Murcia (Espa\u00f1a)[\/insight_our_story][\/vc_column_inner][\/vc_row_inner][\/vc_column][\/vc_row][vc_row full_width=&#8221;stretch_row&#8221; css=&#8221;.vc_custom_1478069697013{margin-top: 0px !important;margin-bottom: 0px !important;padding-top: 90px !important;padding-bottom: 0px !important;background-color: #f8f7f7 !important;}&#8221;][vc_column css=&#8221;.vc_custom_1478069690708{padding-top: 0px !important;}&#8221;][insight_title uppercase=&#8221;yes&#8221; sub_title_enable=&#8221;yes&#8221; background_icon=&#8221;yes&#8221; title=&#8221;Nuestros clientes&#8221; sub_title=&#8221;- CONF\u00cdAN EN NOSOTROS -&#8220;][vc_row_inner css=&#8221;.vc_custom_1478070174936{margin-top: 40px !important;margin-bottom: 40px !important;}&#8221;][vc_column_inner width=&#8221;1\/4&#8243; css=&#8221;.vc_custom_1478070090918{margin-bottom: 30px !important;padding-top: 0px !important;}&#8221;][insight_icon_boxes style=&#8221;icon_on_top&#8221; icon_lib=&#8221;organie&#8221; icon_organie=&#8221;organie-credit-card&#8221; element_tag=&#8221;div&#8221; title=&#8221;Seguridad alimentaria&#8221; link=&#8221;url:%23|||&#8221;]Contando con los certificados en seguridad alimentaria requeridos por los mercados actuales.[\/insight_icon_boxes][\/vc_column_inner][vc_column_inner width=&#8221;1\/4&#8243; css=&#8221;.vc_custom_1478070099793{margin-bottom: 30px !important;padding-top: 0px !important;}&#8221;][insight_icon_boxes style=&#8221;icon_on_top&#8221; icon_lib=&#8221;organie&#8221; icon_organie=&#8221;organie-tractor&#8221; element_tag=&#8221;div&#8221; title=&#8221;Equipamientos&#8221; link=&#8221;url:%23|||&#8221;]La m\u00e1s alta tecnolog\u00eda en cultivo as\u00ed como en poscosecha usando maquinaria de \u00faltima generaci\u00f3n.[\/insight_icon_boxes][\/vc_column_inner][vc_column_inner width=&#8221;1\/4&#8243; css=&#8221;.vc_custom_1478070110225{margin-bottom: 30px !important;padding-top: 0px !important;}&#8221;][insight_icon_boxes style=&#8221;icon_on_top&#8221; icon_lib=&#8221;organie&#8221; icon_organie=&#8221;organie-map-location&#8221; element_tag=&#8221;div&#8221; title=&#8221;Producci\u00f3n&#8221; link=&#8221;url:%23|||&#8221;]Producci\u00f3n obteniendo m\u00e1s de 1 MILLON DE KILOS con un calendario de recolecci\u00f3n de m\u00e1s de 9 meses.[\/insight_icon_boxes][\/vc_column_inner][vc_column_inner width=&#8221;1\/4&#8243; css=&#8221;.vc_custom_1478070119189{margin-bottom: 30px !important;padding-top: 0px !important;}&#8221;][insight_icon_boxes style=&#8221;icon_on_top&#8221; icon_lib=&#8221;organie&#8221; icon_organie=&#8221;organie-drop&#8221; element_tag=&#8221;div&#8221; title=&#8221;Gesti\u00f3n del agua&#8221; link=&#8221;url:%23|||&#8221;]Adaptada a condiciones de sequ\u00eda estival debido al tipo de metabolismo especial que posee.[\/insight_icon_boxes][\/vc_column_inner][\/vc_row_inner][vc_single_image image=&#8221;1230&#8243; img_size=&#8221;full&#8221; alignment=&#8221;center&#8221; css=&#8221;.vc_custom_1525338750036{margin-bottom: 130px !important;padding-bottom: 0px !important;}&#8221;][\/vc_column][\/vc_row][vc_row css=&#8221;.vc_custom_1478253001333{padding-top: 100px !important;padding-bottom: 100px !important;}&#8221;][vc_column][insight_title uppercase=&#8221;yes&#8221; sub_title_enable=&#8221;yes&#8221; background_icon=&#8221;yes&#8221; separator_line=&#8221;&#8221; title=&#8221;Actualidad&#8221; sub_title=&#8221;-Noticias de inter\u00e9s sobre el producto y el sector-&#8221; posts=&#8221;256&#8243;][insight_blog style=&#8221;grid&#8221; order_by=&#8221;&#8221; order=&#8221;ASC&#8221; number=&#8221;3&#8243; css=&#8221;.vc_custom_1525339310801{margin-top: 90px !important;}&#8221; excerpt_length=&#8221;22&#8243;][\/vc_column][\/vc_row]<\/p>\n","protected":false},"excerpt":{"rendered":"<p>[vc_row full_width=&#8221;stretch_row_content_no_spaces&#8221; css=&#8221;.vc_custom_1478508430122{margin-top: 0px !important;margin-bottom: 0px !important;padding-top: 0px !important;padding-bottom: 0px !important;}&#8221;][vc_column][rev_slider_vc alias=&#8221;home-farm&#8221;][\/vc_column][\/vc_row][vc_row full_width=&#8221;stretch_row&#8221; css=&#8221;.vc_custom_1478945710079{padding-top: 50px !important;padding-bottom: 50px !important;background-position: center !important;background-repeat: no-repeat !important;background-size: cover !important;}&#8221;][vc_column][vc_row_inner css=&#8221;.vc_custom_1530211288798{padding-top: 70px !important;padding-bottom: 130px !important;background-image: url(http:\/\/donchumbito.com\/wp-content\/uploads\/2018\/06\/montaje8_1.jpg?id=1357) !important;background-position: 0 0 !important;background-repeat: no-repeat !important;}&#8221;][vc_column_inner css=&#8221;.vc_custom_1478080472179{margin-top: 0px !important;margin-bottom: 0px !important;padding-top: 0px !important;padding-bottom: 0px !important;}&#8221;][insight_our_story sub_title=&#8221;-Higos de la Regi\u00f3n de Murcia-&#8220;]DON CHUMBITO\u00a0 Te\u00a0ofrece el exquisito&#8230;<\/p>\n","protected":false},"author":1,"featured_media":0,"parent":0,"menu_order":0,"comment_status":"closed","ping_status":"closed","template":"","meta":{"footnotes":""},"class_list":["post-1187","page","type-page","status-publish","hentry"],"_links":{"self":[{"href":"http:\/\/donchumbito.com\/index.php\/wp-json\/wp\/v2\/pages\/1187","targetHints":{"allow":["GET"]}}],"collection":[{"href":"http:\/\/donchumbito.com\/index.php\/wp-json\/wp\/v2\/pages"}],"about":[{"href":"http:\/\/donchumbito.com\/index.php\/wp-json\/wp\/v2\/types\/page"}],"author":[{"embeddable":true,"href":"http:\/\/donchumbito.com\/index.php\/wp-json\/wp\/v2\/users\/1"}],"replies":[{"embeddable":true,"href":"http:\/\/donchumbito.com\/index.php\/wp-json\/wp\/v2\/comments?post=1187"}],"version-history":[{"count":20,"href":"http:\/\/donchumbito.com\/index.php\/wp-json\/wp\/v2\/pages\/1187\/revisions"}],"predecessor-version":[{"id":1414,"href":"http:\/\/donchumbito.com\/index.php\/wp-json\/wp\/v2\/pages\/1187\/revisions\/1414"}],"wp:attachment":[{"href":"http:\/\/donchumbito.com\/index.php\/wp-json\/wp\/v2\/media?parent=1187"}],"curies":[{"name":"wp","href":"https:\/\/api.w.org\/{rel}","templated":true}]}}